{"id":3660,"date":"2024-10-04T01:36:21","date_gmt":"2024-10-04T01:36:21","guid":{"rendered":"https:\/\/lemonclinic.es\/nosaltres\/"},"modified":"2025-03-24T13:12:53","modified_gmt":"2025-03-24T13:12:53","slug":"nosaltres","status":"publish","type":"page","link":"https:\/\/lemonclinic.es\/ca\/nosaltres\/","title":{"rendered":"Nosaltres"},"content":{"rendered":"\t\t<div data-elementor-type=\"wp-page\" data-elementor-id=\"3660\" class=\"elementor elementor-3660 elementor-469\" data-elementor-post-type=\"page\">\n\t\t\t\t<div class=\"elementor-element elementor-element-40aadf18 e-flex e-con-boxed e-con e-parent\" data-id=\"40aadf18\" data-element_type=\"container\">\n\t\t\t\t\t<div class=\"e-con-inner\">\n\t\t\t\t\t<\/div>\n\t\t\t\t<\/div>\n\t\t<div class=\"elementor-element elementor-element-48498778 e-con-full e-flex e-con e-parent\" data-id=\"48498778\" data-element_type=\"container\" data-settings=\"{&quot;background_background&quot;:&quot;classic&quot;}\">\n\t\t<div class=\"elementor-element elementor-element-377f4ceb e-con-full e-flex e-con e-child\" data-id=\"377f4ceb\" data-element_type=\"container\" data-settings=\"{&quot;background_background&quot;:&quot;classic&quot;}\">\n\t\t\t\t<div class=\"elementor-element elementor-element-25ac7fa5 elementor-widget-tablet__width-inherit elementor-widget elementor-widget-heading\" data-id=\"25ac7fa5\" data-element_type=\"widget\" data-widget_type=\"heading.default\">\n\t\t\t\t<div class=\"elementor-widget-container\">\n\t\t\t\t\t<h2 class=\"elementor-heading-title elementor-size-default\">La teva Bellesa,<br> El nostre Comprom\u00eds<\/h2>\t\t\t\t<\/div>\n\t\t\t\t<\/div>\n\t\t\t\t<div class=\"elementor-element elementor-element-30a06f03 elementor-vertical-align-middle elementor-widget elementor-widget-icon-box\" data-id=\"30a06f03\" data-element_type=\"widget\" data-settings=\"{&quot;_animation&quot;:&quot;none&quot;}\" data-widget_type=\"icon-box.default\">\n\t\t\t\t<div class=\"elementor-widget-container\">\n\t\t\t\t\t\t\t<div class=\"elementor-icon-box-wrapper\">\n\n\t\t\t\n\t\t\t\t\t\t<div class=\"elementor-icon-box-content\">\n\n\t\t\t\t\n\t\t\t\t\t\t\t\t\t<p class=\"elementor-icon-box-description\">\n\t\t\t\t\t\tA Lemon, creiem que la bellesa no t\u00e9 una \u00fanica definici\u00f3, sin\u00f3 que \u00e9s tan \u00fanica com cada persona que travessa les nostres portes. Amb diversos locals perqu\u00e8 tinguis f\u00e0cil acc\u00e9s, oferim una experi\u00e8ncia est\u00e8tica personalitzada, combinant els darrers aven\u00e7os en tecnologia i tractaments amb un enfocament proper i professional. \t\t\t\t\t<\/p>\n\t\t\t\t\n\t\t\t<\/div>\n\t\t\t\n\t\t<\/div>\n\t\t\t\t\t\t<\/div>\n\t\t\t\t<\/div>\n\t\t\t\t<\/div>\n\t\t<div class=\"elementor-element elementor-element-3689b310 e-con-full e-flex e-con e-child\" data-id=\"3689b310\" data-element_type=\"container\">\n\t\t<div class=\"elementor-element elementor-element-1964c3fa e-con-full e-flex e-con e-child\" data-id=\"1964c3fa\" data-element_type=\"container\">\n\t\t\t\t<div class=\"elementor-element elementor-element-49fa030e elementor-flip-box--effect-fade elementor-widget elementor-widget-flip-box\" data-id=\"49fa030e\" data-element_type=\"widget\" data-widget_type=\"flip-box.default\">\n\t\t\t\t<div class=\"elementor-widget-container\">\n\t\t\t\t\t\t\t<div class=\"elementor-flip-box\" tabindex=\"0\">\n\t\t\t<div class=\"elementor-flip-box__layer elementor-flip-box__front\">\n\t\t\t\t<div class=\"elementor-flip-box__layer__overlay\">\n\t\t\t\t\t<div class=\"elementor-flip-box__layer__inner\">\n\t\t\t\t\t\t\n\t\t\t\t\t\t\t\t\t\t\t\t\t<h3 class=\"elementor-flip-box__layer__title\">\n\t\t\t\t\t\t\t\tLa nostra Filosofia:\t\t\t\t\t\t\t<\/h3>\n\t\t\t\t\t\t\n\t\t\t\t\t\t\t\t\t\t\t\t\t<div class=\"elementor-flip-box__layer__description\">\n\t\t\t\t\t\t\t\tA Lemon, creiem que la bellesa \u00e9s \u00fanica per a cada persona. El nostre objectiu \u00e9s ajudar-te a ressaltar la teva millor versi\u00f3 de manera natural i equilibrada. \t\t\t\t\t\t\t<\/div>\n\t\t\t\t\t\t\t\t\t\t\t<\/div>\n\t\t\t\t<\/div>\n\t\t\t<\/div>\n\t\t\t<div class=\"elementor-flip-box__layer elementor-flip-box__back\">\n\t\t\t<div class=\"elementor-flip-box__layer__overlay\">\n\t\t\t\t<div class=\"elementor-flip-box__layer__inner\">\n\t\t\t\t\t\n\t\t\t\t\t\n\t\t\t\t\t\t\t\t<\/div>\n\t\t<\/div>\n\t\t<\/div>\n\t\t<\/div>\n\t\t\t\t\t\t<\/div>\n\t\t\t\t<\/div>\n\t\t\t\t<\/div>\n\t\t<div class=\"elementor-element elementor-element-4f79f423 e-con-full e-flex e-con e-child\" data-id=\"4f79f423\" data-element_type=\"container\">\n\t\t\t\t<div class=\"elementor-element elementor-element-3ec7c910 elementor-flip-box--effect-fade elementor-widget elementor-widget-flip-box\" data-id=\"3ec7c910\" data-element_type=\"widget\" data-widget_type=\"flip-box.default\">\n\t\t\t\t<div class=\"elementor-widget-container\">\n\t\t\t\t\t\t\t<div class=\"elementor-flip-box\" tabindex=\"0\">\n\t\t\t<div class=\"elementor-flip-box__layer elementor-flip-box__front\">\n\t\t\t\t<div class=\"elementor-flip-box__layer__overlay\">\n\t\t\t\t\t<div class=\"elementor-flip-box__layer__inner\">\n\t\t\t\t\t\t\n\t\t\t\t\t\t\t\t\t\t\t\t\t<h3 class=\"elementor-flip-box__layer__title\">\n\t\t\t\t\t\t\t\tUbicaci\u00f3 i Tecnologia:\t\t\t\t\t\t\t<\/h3>\n\t\t\t\t\t\t\n\t\t\t\t\t\t\t\t\t\t\t\t\t<div class=\"elementor-flip-box__layer__description\">\n\t\t\t\t\t\t\t\tSituats a diverses localitats perqu\u00e8 tinguis f\u00e0cil acc\u00e9s, a Lemon utilitzem les t\u00e8cniques m\u00e9s innovadores i productes d'alta qualitat per oferir-te l'\u00faltim en est\u00e8tica.\t\t\t\t\t\t\t<\/div>\n\t\t\t\t\t\t\t\t\t\t\t<\/div>\n\t\t\t\t<\/div>\n\t\t\t<\/div>\n\t\t\t<div class=\"elementor-flip-box__layer elementor-flip-box__back\">\n\t\t\t<div class=\"elementor-flip-box__layer__overlay\">\n\t\t\t\t<div class=\"elementor-flip-box__layer__inner\">\n\t\t\t\t\t\n\t\t\t\t\t\n\t\t\t\t\t\t\t\t<\/div>\n\t\t<\/div>\n\t\t<\/div>\n\t\t<\/div>\n\t\t\t\t\t\t<\/div>\n\t\t\t\t<\/div>\n\t\t\t\t<\/div>\n\t\t<div class=\"elementor-element elementor-element-2fd8cb27 e-con-full e-flex e-con e-child\" data-id=\"2fd8cb27\" data-element_type=\"container\">\n\t\t\t\t<div class=\"elementor-element elementor-element-5e807575 elementor-flip-box--effect-fade elementor-widget elementor-widget-flip-box\" data-id=\"5e807575\" data-element_type=\"widget\" data-widget_type=\"flip-box.default\">\n\t\t\t\t<div class=\"elementor-widget-container\">\n\t\t\t\t\t\t\t<div class=\"elementor-flip-box\" tabindex=\"0\">\n\t\t\t<div class=\"elementor-flip-box__layer elementor-flip-box__front\">\n\t\t\t\t<div class=\"elementor-flip-box__layer__overlay\">\n\t\t\t\t\t<div class=\"elementor-flip-box__layer__inner\">\n\t\t\t\t\t\t\n\t\t\t\t\t\t\t\t\t\t\t\t\t<h3 class=\"elementor-flip-box__layer__title\">\n\t\t\t\t\t\t\t\t  El nostre Equip\t\t\t\t\t\t\t<\/h3>\n\t\t\t\t\t\t\n\t\t\t\t\t\t\t\t\t\t\t\t\t<div class=\"elementor-flip-box__layer__description\">\n\t\t\t\t\t\t\t\tL'equip de Lemon est\u00e0 format per professionals altament qualificats, especialitzats en tractaments facials, corporals i medicina est\u00e8tica\t\t\t\t\t\t\t<\/div>\n\t\t\t\t\t\t\t\t\t\t\t<\/div>\n\t\t\t\t<\/div>\n\t\t\t<\/div>\n\t\t\t<div class=\"elementor-flip-box__layer elementor-flip-box__back\">\n\t\t\t<div class=\"elementor-flip-box__layer__overlay\">\n\t\t\t\t<div class=\"elementor-flip-box__layer__inner\">\n\t\t\t\t\t\n\t\t\t\t\t\n\t\t\t\t\t\t\t\t<\/div>\n\t\t<\/div>\n\t\t<\/div>\n\t\t<\/div>\n\t\t\t\t\t\t<\/div>\n\t\t\t\t<\/div>\n\t\t\t\t<\/div>\n\t\t<div class=\"elementor-element elementor-element-16688b4a e-con-full e-flex e-con e-child\" data-id=\"16688b4a\" data-element_type=\"container\">\n\t\t\t\t<div class=\"elementor-element elementor-element-21f6cf80 elementor-flip-box--effect-fade elementor-widget elementor-widget-flip-box\" data-id=\"21f6cf80\" data-element_type=\"widget\" data-widget_type=\"flip-box.default\">\n\t\t\t\t<div class=\"elementor-widget-container\">\n\t\t\t\t\t\t\t<div class=\"elementor-flip-box\" tabindex=\"0\">\n\t\t\t<div class=\"elementor-flip-box__layer elementor-flip-box__front\">\n\t\t\t\t<div class=\"elementor-flip-box__layer__overlay\">\n\t\t\t\t\t<div class=\"elementor-flip-box__layer__inner\">\n\t\t\t\t\t\t\n\t\t\t\t\t\t\t\t\t\t\t\t\t<h3 class=\"elementor-flip-box__layer__title\">\n\t\t\t\t\t\t\t\tLa nostra Missi\u00f3\t\t\t\t\t\t\t<\/h3>\n\t\t\t\t\t\t\n\t\t\t\t\t\t\t\t\t\t\t\t\t<div class=\"elementor-flip-box__layer__description\">\n\t\t\t\t\t\t\t\tA Lemon no nom\u00e9s transformem l'aparen\u00e7a f\u00edsica, sin\u00f3 que tamb\u00e9 potenciem la confian\u00e7a dels nostres clients.  \t\t\t\t\t\t\t<\/div>\n\t\t\t\t\t\t\t\t\t\t\t<\/div>\n\t\t\t\t<\/div>\n\t\t\t<\/div>\n\t\t\t<div class=\"elementor-flip-box__layer elementor-flip-box__back\">\n\t\t\t<div class=\"elementor-flip-box__layer__overlay\">\n\t\t\t\t<div class=\"elementor-flip-box__layer__inner\">\n\t\t\t\t\t\n\t\t\t\t\t\n\t\t\t\t\t\t\t\t<\/div>\n\t\t<\/div>\n\t\t<\/div>\n\t\t<\/div>\n\t\t\t\t\t\t<\/div>\n\t\t\t\t<\/div>\n\t\t\t\t<\/div>\n\t\t\t\t<\/div>\n\t\t\t\t<\/div>\n\t\t\t\t<\/div>\n\t\t","protected":false},"excerpt":{"rendered":"<p>La teva Bellesa, El nostre Comprom\u00eds A Lemon, creiem que la bellesa no t\u00e9 una \u00fanica definici\u00f3, sin\u00f3 que \u00e9s tan \u00fanica com cada persona que travessa les nostres portes. Amb diversos locals perqu\u00e8 tinguis f\u00e0cil acc\u00e9s, oferim una experi\u00e8ncia est\u00e8tica personalitzada, combinant els darrers aven\u00e7os en tecnologia i tractaments amb un enfocament proper i [&hellip;]<\/p>\n","protected":false},"author":1,"featured_media":0,"parent":0,"menu_order":0,"comment_status":"closed","ping_status":"closed","template":"elementor_header_footer","meta":{"content-type":"","footnotes":""},"class_list":["post-3660","page","type-page","status-publish","hentry"],"yoast_head":"<!-- This site is optimized with the Yoast SEO Premium plugin v26.2 (Yoast SEO v26.2) - https:\/\/yoast.com\/wordpress\/plugins\/seo\/ -->\n<title>Nosaltres - Lemon Clinic<\/title>\n<meta name=\"robots\" content=\"index, follow, max-snippet:-1, max-image-preview:large, max-video-preview:-1\" \/>\n<link rel=\"canonical\" href=\"https:\/\/lemonclinic.es\/ca\/nosaltres\/\" \/>\n<meta property=\"og:locale\" content=\"ca_ES\" \/>\n<meta property=\"og:type\" content=\"article\" \/>\n<meta property=\"og:title\" content=\"Nosaltres\" \/>\n<meta property=\"og:description\" content=\"La teva Bellesa, El nostre Comprom\u00eds A Lemon, creiem que la bellesa no t\u00e9 una \u00fanica definici\u00f3, sin\u00f3 que \u00e9s tan \u00fanica com cada persona que travessa les nostres portes. Amb diversos locals perqu\u00e8 tinguis f\u00e0cil acc\u00e9s, oferim una experi\u00e8ncia est\u00e8tica personalitzada, combinant els darrers aven\u00e7os en tecnologia i tractaments amb un enfocament proper i [&hellip;]\" \/>\n<meta property=\"og:url\" content=\"https:\/\/lemonclinic.es\/ca\/nosaltres\/\" \/>\n<meta property=\"og:site_name\" content=\"Lemon Clinic\" \/>\n<meta property=\"article:modified_time\" content=\"2025-03-24T13:12:53+00:00\" \/>\n<meta property=\"og:image\" content=\"https:\/\/lemonclinic.es\/wp-content\/uploads\/2025\/10\/Lemon.jpg\" \/>\n\t<meta property=\"og:image:width\" content=\"1200\" \/>\n\t<meta property=\"og:image:height\" content=\"630\" \/>\n\t<meta property=\"og:image:type\" content=\"image\/jpeg\" \/>\n<meta name=\"twitter:card\" content=\"summary_large_image\" \/>\n<meta name=\"twitter:label1\" content=\"Temps estimat de lectura\" \/>\n\t<meta name=\"twitter:data1\" content=\"1 minut\" \/>\n<script type=\"application\/ld+json\" class=\"yoast-schema-graph\">{\"@context\":\"https:\/\/schema.org\",\"@graph\":[{\"@type\":\"WebPage\",\"@id\":\"https:\/\/lemonclinic.es\/ca\/nosaltres\/\",\"url\":\"https:\/\/lemonclinic.es\/ca\/nosaltres\/\",\"name\":\"Nosaltres - Lemon Clinic\",\"isPartOf\":{\"@id\":\"https:\/\/lemonclinic.es\/ca\/#website\"},\"datePublished\":\"2024-10-04T01:36:21+00:00\",\"dateModified\":\"2025-03-24T13:12:53+00:00\",\"breadcrumb\":{\"@id\":\"https:\/\/lemonclinic.es\/ca\/nosaltres\/#breadcrumb\"},\"inLanguage\":\"ca\",\"potentialAction\":[{\"@type\":\"ReadAction\",\"target\":[\"https:\/\/lemonclinic.es\/ca\/nosaltres\/\"]}]},{\"@type\":\"BreadcrumbList\",\"@id\":\"https:\/\/lemonclinic.es\/ca\/nosaltres\/#breadcrumb\",\"itemListElement\":[{\"@type\":\"ListItem\",\"position\":1,\"name\":\"Home\",\"item\":\"https:\/\/lemonclinic.es\/ca\/inici\/\"},{\"@type\":\"ListItem\",\"position\":2,\"name\":\"Nosaltres\"}]},{\"@type\":\"WebSite\",\"@id\":\"https:\/\/lemonclinic.es\/ca\/#website\",\"url\":\"https:\/\/lemonclinic.es\/ca\/\",\"name\":\"Lemon Clinic\",\"description\":\"\",\"publisher\":{\"@id\":\"https:\/\/lemonclinic.es\/ca\/#organization\"},\"potentialAction\":[{\"@type\":\"SearchAction\",\"target\":{\"@type\":\"EntryPoint\",\"urlTemplate\":\"https:\/\/lemonclinic.es\/ca\/?s={search_term_string}\"},\"query-input\":{\"@type\":\"PropertyValueSpecification\",\"valueRequired\":true,\"valueName\":\"search_term_string\"}}],\"inLanguage\":\"ca\"},{\"@type\":[\"Organization\",\"Place\"],\"@id\":\"https:\/\/lemonclinic.es\/ca\/#organization\",\"name\":\"Lemon Clinic\",\"url\":\"https:\/\/lemonclinic.es\/ca\/\",\"logo\":{\"@id\":\"https:\/\/lemonclinic.es\/ca\/nosaltres\/#local-main-organization-logo\"},\"image\":{\"@id\":\"https:\/\/lemonclinic.es\/ca\/nosaltres\/#local-main-organization-logo\"},\"sameAs\":[\"https:\/\/www.instagram.com\/lemon.clinica\/\"],\"telephone\":[],\"openingHoursSpecification\":[{\"@type\":\"OpeningHoursSpecification\",\"dayOfWeek\":[\"Monday\",\"Tuesday\",\"Wednesday\",\"Thursday\",\"Friday\",\"Saturday\",\"Sunday\"],\"opens\":\"09:00\",\"closes\":\"17:00\"}]},{\"@type\":\"ImageObject\",\"inLanguage\":\"ca\",\"@id\":\"https:\/\/lemonclinic.es\/ca\/nosaltres\/#local-main-organization-logo\",\"url\":\"https:\/\/lemonclinic.es\/wp-content\/uploads\/2025\/08\/logo-lemon.jpg\",\"contentUrl\":\"https:\/\/lemonclinic.es\/wp-content\/uploads\/2025\/08\/logo-lemon.jpg\",\"width\":1200,\"height\":675,\"caption\":\"Lemon Clinic\"}]}<\/script>\n<!-- \/ Yoast SEO Premium plugin. -->","yoast_head_json":{"title":"Nosaltres - Lemon Clinic","robots":{"index":"index","follow":"follow","max-snippet":"max-snippet:-1","max-image-preview":"max-image-preview:large","max-video-preview":"max-video-preview:-1"},"canonical":"https:\/\/lemonclinic.es\/ca\/nosaltres\/","og_locale":"ca_ES","og_type":"article","og_title":"Nosaltres","og_description":"La teva Bellesa, El nostre Comprom\u00eds A Lemon, creiem que la bellesa no t\u00e9 una \u00fanica definici\u00f3, sin\u00f3 que \u00e9s tan \u00fanica com cada persona que travessa les nostres portes. Amb diversos locals perqu\u00e8 tinguis f\u00e0cil acc\u00e9s, oferim una experi\u00e8ncia est\u00e8tica personalitzada, combinant els darrers aven\u00e7os en tecnologia i tractaments amb un enfocament proper i [&hellip;]","og_url":"https:\/\/lemonclinic.es\/ca\/nosaltres\/","og_site_name":"Lemon Clinic","article_modified_time":"2025-03-24T13:12:53+00:00","og_image":[{"width":1200,"height":630,"url":"https:\/\/lemonclinic.es\/wp-content\/uploads\/2025\/10\/Lemon.jpg","type":"image\/jpeg"}],"twitter_card":"summary_large_image","twitter_misc":{"Temps estimat de lectura":"1 minut"},"schema":{"@context":"https:\/\/schema.org","@graph":[{"@type":"WebPage","@id":"https:\/\/lemonclinic.es\/ca\/nosaltres\/","url":"https:\/\/lemonclinic.es\/ca\/nosaltres\/","name":"Nosaltres - Lemon Clinic","isPartOf":{"@id":"https:\/\/lemonclinic.es\/ca\/#website"},"datePublished":"2024-10-04T01:36:21+00:00","dateModified":"2025-03-24T13:12:53+00:00","breadcrumb":{"@id":"https:\/\/lemonclinic.es\/ca\/nosaltres\/#breadcrumb"},"inLanguage":"ca","potentialAction":[{"@type":"ReadAction","target":["https:\/\/lemonclinic.es\/ca\/nosaltres\/"]}]},{"@type":"BreadcrumbList","@id":"https:\/\/lemonclinic.es\/ca\/nosaltres\/#breadcrumb","itemListElement":[{"@type":"ListItem","position":1,"name":"Home","item":"https:\/\/lemonclinic.es\/ca\/inici\/"},{"@type":"ListItem","position":2,"name":"Nosaltres"}]},{"@type":"WebSite","@id":"https:\/\/lemonclinic.es\/ca\/#website","url":"https:\/\/lemonclinic.es\/ca\/","name":"Lemon Clinic","description":"","publisher":{"@id":"https:\/\/lemonclinic.es\/ca\/#organization"},"potentialAction":[{"@type":"SearchAction","target":{"@type":"EntryPoint","urlTemplate":"https:\/\/lemonclinic.es\/ca\/?s={search_term_string}"},"query-input":{"@type":"PropertyValueSpecification","valueRequired":true,"valueName":"search_term_string"}}],"inLanguage":"ca"},{"@type":["Organization","Place"],"@id":"https:\/\/lemonclinic.es\/ca\/#organization","name":"Lemon Clinic","url":"https:\/\/lemonclinic.es\/ca\/","logo":{"@id":"https:\/\/lemonclinic.es\/ca\/nosaltres\/#local-main-organization-logo"},"image":{"@id":"https:\/\/lemonclinic.es\/ca\/nosaltres\/#local-main-organization-logo"},"sameAs":["https:\/\/www.instagram.com\/lemon.clinica\/"],"telephone":[],"openingHoursSpecification":[{"@type":"OpeningHoursSpecification","dayOfWeek":["Monday","Tuesday","Wednesday","Thursday","Friday","Saturday","Sunday"],"opens":"09:00","closes":"17:00"}]},{"@type":"ImageObject","inLanguage":"ca","@id":"https:\/\/lemonclinic.es\/ca\/nosaltres\/#local-main-organization-logo","url":"https:\/\/lemonclinic.es\/wp-content\/uploads\/2025\/08\/logo-lemon.jpg","contentUrl":"https:\/\/lemonclinic.es\/wp-content\/uploads\/2025\/08\/logo-lemon.jpg","width":1200,"height":675,"caption":"Lemon Clinic"}]}},"_links":{"self":[{"href":"https:\/\/lemonclinic.es\/ca\/wp-json\/wp\/v2\/pages\/3660","targetHints":{"allow":["GET"]}}],"collection":[{"href":"https:\/\/lemonclinic.es\/ca\/wp-json\/wp\/v2\/pages"}],"about":[{"href":"https:\/\/lemonclinic.es\/ca\/wp-json\/wp\/v2\/types\/page"}],"author":[{"embeddable":true,"href":"https:\/\/lemonclinic.es\/ca\/wp-json\/wp\/v2\/users\/1"}],"replies":[{"embeddable":true,"href":"https:\/\/lemonclinic.es\/ca\/wp-json\/wp\/v2\/comments?post=3660"}],"version-history":[{"count":3,"href":"https:\/\/lemonclinic.es\/ca\/wp-json\/wp\/v2\/pages\/3660\/revisions"}],"predecessor-version":[{"id":3663,"href":"https:\/\/lemonclinic.es\/ca\/wp-json\/wp\/v2\/pages\/3660\/revisions\/3663"}],"wp:attachment":[{"href":"https:\/\/lemonclinic.es\/ca\/wp-json\/wp\/v2\/media?parent=3660"}],"curies":[{"name":"wp","href":"https:\/\/api.w.org\/{rel}","templated":true}]}}